{"id":893,"date":"2025-03-06T12:29:38","date_gmt":"2025-03-06T11:29:38","guid":{"rendered":"https:\/\/szekelyfalat.ro\/?post_type=product&#038;p=893"},"modified":"2025-03-06T12:29:39","modified_gmt":"2025-03-06T11:29:39","slug":"paprika-mentes-fustolt-kolbasz","status":"publish","type":"product","link":"https:\/\/szekelyfalat.ro\/hu\/product\/paprika-mentes-fustolt-kolbasz\/","title":{"rendered":"PAPRIKA MENTES F\u00dcST\u00d6LT KOLB\u00c1SZ"},"content":{"rendered":"\n<p>Sert\u00e9sh\u00fas, s\u00f3, term\u00e9szetes f\u0171szerek. Nyers, f\u00fcst\u00f6lt term\u00e9k. Term\u00e9szetes bevonattal.<\/p>\n","protected":false},"excerpt":{"rendered":"<p>Sert\u00e9sh\u00fas, s\u00f3, term\u00e9szetes f\u0171szerek. Nyers, f\u00fcst\u00f6lt term\u00e9k. Term\u00e9szetes bevonattal.<\/p>\n","protected":false},"featured_media":0,"template":"","meta":[],"gama":[34],"class_list":["post-893","product","type-product","status-publish","hentry","gama-fustolt-kolbaszok","description-off"],"_links":{"self":[{"href":"https:\/\/szekelyfalat.ro\/hu\/wp-json\/wp\/v2\/product\/893","targetHints":{"allow":["GET"]}}],"collection":[{"href":"https:\/\/szekelyfalat.ro\/hu\/wp-json\/wp\/v2\/product"}],"about":[{"href":"https:\/\/szekelyfalat.ro\/hu\/wp-json\/wp\/v2\/types\/product"}],"wp:attachment":[{"href":"https:\/\/szekelyfalat.ro\/hu\/wp-json\/wp\/v2\/media?parent=893"}],"wp:term":[{"taxonomy":"gama","embeddable":true,"href":"https:\/\/szekelyfalat.ro\/hu\/wp-json\/wp\/v2\/gama?post=893"}],"curies":[{"name":"wp","href":"https:\/\/api.w.org\/{rel}","templated":true}]}}