{"id":892,"date":"2025-03-06T12:29:18","date_gmt":"2025-03-06T11:29:18","guid":{"rendered":"https:\/\/szekelyfalat.ro\/?post_type=product&#038;p=892"},"modified":"2025-03-06T12:29:19","modified_gmt":"2025-03-06T11:29:19","slug":"fustolt-kolbasz","status":"publish","type":"product","link":"https:\/\/szekelyfalat.ro\/hu\/product\/fustolt-kolbasz\/","title":{"rendered":"F\u00dcST\u00d6LT KOLB\u00c1SZ"},"content":{"rendered":"\n<p>96% sert\u00e9sh\u00fas, s\u00f3, term\u00e9szetes f\u0171szerek (1% fokhagyma). Nyers, f\u00fcst\u00f6lt term\u00e9k. Term\u00e9szetes bevonattal.<\/p>\n","protected":false},"excerpt":{"rendered":"<p>96% sert\u00e9sh\u00fas, s\u00f3, term\u00e9szetes f\u0171szerek (1% fokhagyma). Nyers, f\u00fcst\u00f6lt term\u00e9k. Term\u00e9szetes bevonattal.<\/p>\n","protected":false},"featured_media":1395,"template":"","meta":[],"gama":[34],"class_list":["post-892","product","type-product","status-publish","has-post-thumbnail","hentry","gama-fustolt-kolbaszok","description-off"],"_links":{"self":[{"href":"https:\/\/szekelyfalat.ro\/hu\/wp-json\/wp\/v2\/product\/892","targetHints":{"allow":["GET"]}}],"collection":[{"href":"https:\/\/szekelyfalat.ro\/hu\/wp-json\/wp\/v2\/product"}],"about":[{"href":"https:\/\/szekelyfalat.ro\/hu\/wp-json\/wp\/v2\/types\/product"}],"wp:featuredmedia":[{"embeddable":true,"href":"https:\/\/szekelyfalat.ro\/hu\/wp-json\/wp\/v2\/media\/1395"}],"wp:attachment":[{"href":"https:\/\/szekelyfalat.ro\/hu\/wp-json\/wp\/v2\/media?parent=892"}],"wp:term":[{"taxonomy":"gama","embeddable":true,"href":"https:\/\/szekelyfalat.ro\/hu\/wp-json\/wp\/v2\/gama?post=892"}],"curies":[{"name":"wp","href":"https:\/\/api.w.org\/{rel}","templated":true}]}}