{"id":887,"date":"2025-03-06T12:25:49","date_gmt":"2025-03-06T11:25:49","guid":{"rendered":"https:\/\/szekelyfalat.ro\/?post_type=product&#038;p=887"},"modified":"2025-04-14T13:00:16","modified_gmt":"2025-04-14T11:00:16","slug":"vadszalami","status":"publish","type":"product","link":"https:\/\/szekelyfalat.ro\/hu\/product\/vadszalami\/","title":{"rendered":"VAD\u00c1SZ SZAL\u00c1MI"},"content":{"rendered":"\n<p>L\u00f3h\u00fas, sert\u00e9sh\u00fas, szalonna, s\u00f3, cukor, term\u00e9szetes f\u0171szerek. Mesters\u00e9ges, nem fogyaszthat\u00f3 bevonat. Nyers, f\u00fcst\u00f6lt term\u00e9k.<\/p>\n","protected":false},"excerpt":{"rendered":"<p>L\u00f3h\u00fas, sert\u00e9sh\u00fas, szalonna, s\u00f3, cukor, term\u00e9szetes f\u0171szerek. Mesters\u00e9ges, nem fogyaszthat\u00f3 bevonat. Nyers, f\u00fcst\u00f6lt term\u00e9k.<\/p>\n","protected":false},"featured_media":1392,"template":"","meta":[],"gama":[32],"class_list":["post-887","product","type-product","status-publish","has-post-thumbnail","hentry","gama-fustolt-szalamik","description-off"],"_links":{"self":[{"href":"https:\/\/szekelyfalat.ro\/hu\/wp-json\/wp\/v2\/product\/887","targetHints":{"allow":["GET"]}}],"collection":[{"href":"https:\/\/szekelyfalat.ro\/hu\/wp-json\/wp\/v2\/product"}],"about":[{"href":"https:\/\/szekelyfalat.ro\/hu\/wp-json\/wp\/v2\/types\/product"}],"wp:featuredmedia":[{"embeddable":true,"href":"https:\/\/szekelyfalat.ro\/hu\/wp-json\/wp\/v2\/media\/1392"}],"wp:attachment":[{"href":"https:\/\/szekelyfalat.ro\/hu\/wp-json\/wp\/v2\/media?parent=887"}],"wp:term":[{"taxonomy":"gama","embeddable":true,"href":"https:\/\/szekelyfalat.ro\/hu\/wp-json\/wp\/v2\/gama?post=887"}],"curies":[{"name":"wp","href":"https:\/\/api.w.org\/{rel}","templated":true}]}}