{"id":883,"date":"2025-03-06T12:24:28","date_gmt":"2025-03-06T11:24:28","guid":{"rendered":"https:\/\/szekelyfalat.ro\/?post_type=product&#038;p=883"},"modified":"2025-03-06T12:24:29","modified_gmt":"2025-03-06T11:24:29","slug":"borsika-szalami","status":"publish","type":"product","link":"https:\/\/szekelyfalat.ro\/hu\/product\/borsika-szalami\/","title":{"rendered":"BORSIKA SZAL\u00c1MI"},"content":{"rendered":"\n<p>65% sert\u00e9sh\u00fas, 30% marhah\u00fas, cukor, s\u00f3, term\u00e9szetes f\u0171szerek. Mesters\u00e9ges, nem fogyaszthat\u00f3 bevonat. Nyers, f\u00fcst\u00f6lt term\u00e9k.<\/p>\n","protected":false},"excerpt":{"rendered":"<p>65% sert\u00e9sh\u00fas, 30% marhah\u00fas, cukor, s\u00f3, term\u00e9szetes f\u0171szerek. Mesters\u00e9ges, nem fogyaszthat\u00f3 bevonat. Nyers, f\u00fcst\u00f6lt term\u00e9k.<\/p>\n","protected":false},"featured_media":1379,"template":"","meta":[],"gama":[32],"class_list":["post-883","product","type-product","status-publish","has-post-thumbnail","hentry","gama-fustolt-szalamik","description-off"],"_links":{"self":[{"href":"https:\/\/szekelyfalat.ro\/hu\/wp-json\/wp\/v2\/product\/883","targetHints":{"allow":["GET"]}}],"collection":[{"href":"https:\/\/szekelyfalat.ro\/hu\/wp-json\/wp\/v2\/product"}],"about":[{"href":"https:\/\/szekelyfalat.ro\/hu\/wp-json\/wp\/v2\/types\/product"}],"wp:featuredmedia":[{"embeddable":true,"href":"https:\/\/szekelyfalat.ro\/hu\/wp-json\/wp\/v2\/media\/1379"}],"wp:attachment":[{"href":"https:\/\/szekelyfalat.ro\/hu\/wp-json\/wp\/v2\/media?parent=883"}],"wp:term":[{"taxonomy":"gama","embeddable":true,"href":"https:\/\/szekelyfalat.ro\/hu\/wp-json\/wp\/v2\/gama?post=883"}],"curies":[{"name":"wp","href":"https:\/\/api.w.org\/{rel}","templated":true}]}}