{"id":881,"date":"2025-03-06T12:23:45","date_gmt":"2025-03-06T11:23:45","guid":{"rendered":"https:\/\/szekelyfalat.ro\/?post_type=product&#038;p=881"},"modified":"2025-03-06T12:23:46","modified_gmt":"2025-03-06T11:23:46","slug":"csabai-szalami","status":"publish","type":"product","link":"https:\/\/szekelyfalat.ro\/hu\/product\/csabai-szalami\/","title":{"rendered":"CSABAI SZAL\u00c1MI"},"content":{"rendered":"\n<p>Sert\u00e9s comb, szalonna, s\u00f3, term\u00e9szetes f\u0171szerek. Mesters\u00e9ges, nem fogyaszthat\u00f3 bevonat. Nyers, f\u00fcst\u00f6lt term\u00e9k.<\/p>\n","protected":false},"excerpt":{"rendered":"<p>Sert\u00e9s comb, szalonna, s\u00f3, term\u00e9szetes f\u0171szerek. Mesters\u00e9ges, nem fogyaszthat\u00f3 bevonat. Nyers, f\u00fcst\u00f6lt term\u00e9k.<\/p>\n","protected":false},"featured_media":1373,"template":"","meta":[],"gama":[32],"class_list":["post-881","product","type-product","status-publish","has-post-thumbnail","hentry","gama-fustolt-szalamik","description-off"],"_links":{"self":[{"href":"https:\/\/szekelyfalat.ro\/hu\/wp-json\/wp\/v2\/product\/881","targetHints":{"allow":["GET"]}}],"collection":[{"href":"https:\/\/szekelyfalat.ro\/hu\/wp-json\/wp\/v2\/product"}],"about":[{"href":"https:\/\/szekelyfalat.ro\/hu\/wp-json\/wp\/v2\/types\/product"}],"wp:featuredmedia":[{"embeddable":true,"href":"https:\/\/szekelyfalat.ro\/hu\/wp-json\/wp\/v2\/media\/1373"}],"wp:attachment":[{"href":"https:\/\/szekelyfalat.ro\/hu\/wp-json\/wp\/v2\/media?parent=881"}],"wp:term":[{"taxonomy":"gama","embeddable":true,"href":"https:\/\/szekelyfalat.ro\/hu\/wp-json\/wp\/v2\/gama?post=881"}],"curies":[{"name":"wp","href":"https:\/\/api.w.org\/{rel}","templated":true}]}}