{"id":880,"date":"2025-03-06T12:22:59","date_gmt":"2025-03-06T11:22:59","guid":{"rendered":"https:\/\/szekelyfalat.ro\/?post_type=product&#038;p=880"},"modified":"2025-03-06T12:23:15","modified_gmt":"2025-03-06T11:23:15","slug":"patko-szalami","status":"publish","type":"product","link":"https:\/\/szekelyfalat.ro\/hu\/product\/patko-szalami\/","title":{"rendered":"PATK\u00d3 SZAL\u00c1MI"},"content":{"rendered":"\n<p>L\u00f3h\u00fas, szalonna, s\u00f3, term\u00e9szetes f\u0171szerek. Term\u00e9szetes bevonat. Nyers, f\u00fcst\u00f6lt term\u00e9k.<\/p>\n","protected":false},"excerpt":{"rendered":"<p>L\u00f3h\u00fas, szalonna, s\u00f3, term\u00e9szetes f\u0171szerek. Term\u00e9szetes bevonat. Nyers, f\u00fcst\u00f6lt term\u00e9k.<\/p>\n","protected":false},"featured_media":0,"template":"","meta":[],"gama":[32],"class_list":["post-880","product","type-product","status-publish","hentry","gama-fustolt-szalamik","description-off"],"_links":{"self":[{"href":"https:\/\/szekelyfalat.ro\/hu\/wp-json\/wp\/v2\/product\/880","targetHints":{"allow":["GET"]}}],"collection":[{"href":"https:\/\/szekelyfalat.ro\/hu\/wp-json\/wp\/v2\/product"}],"about":[{"href":"https:\/\/szekelyfalat.ro\/hu\/wp-json\/wp\/v2\/types\/product"}],"wp:attachment":[{"href":"https:\/\/szekelyfalat.ro\/hu\/wp-json\/wp\/v2\/media?parent=880"}],"wp:term":[{"taxonomy":"gama","embeddable":true,"href":"https:\/\/szekelyfalat.ro\/hu\/wp-json\/wp\/v2\/gama?post=880"}],"curies":[{"name":"wp","href":"https:\/\/api.w.org\/{rel}","templated":true}]}}