{"id":2184,"date":"2026-02-03T09:14:10","date_gmt":"2026-02-03T08:14:10","guid":{"rendered":"https:\/\/szekelyfalat.ro\/?post_type=product&#038;p=2184"},"modified":"2026-02-03T09:31:03","modified_gmt":"2026-02-03T08:31:03","slug":"preselt-csulok","status":"publish","type":"product","link":"https:\/\/szekelyfalat.ro\/hu\/product\/preselt-csulok\/","title":{"rendered":"PR\u00c9SELT CS\u00dcL\u00d6K"},"content":{"rendered":"\n<p>90% kicsontolt cs\u00fcl\u00f6k, v\u00edz, s\u00f3, term\u00e9szetes f\u0171szerek. F\u0151tt, f\u00fcst\u00f6lt term\u00e9k.<\/p>\n","protected":false},"excerpt":{"rendered":"<p>90% kicsontolt cs\u00fcl\u00f6k, v\u00edz, s\u00f3, term\u00e9szetes f\u0171szerek. F\u0151tt, f\u00fcst\u00f6lt term\u00e9k.<\/p>\n","protected":false},"featured_media":2185,"template":"","meta":[],"gama":[42],"class_list":["post-2184","product","type-product","status-publish","has-post-thumbnail","hentry","gama-fustolt-termekek","description-off"],"_links":{"self":[{"href":"https:\/\/szekelyfalat.ro\/hu\/wp-json\/wp\/v2\/product\/2184","targetHints":{"allow":["GET"]}}],"collection":[{"href":"https:\/\/szekelyfalat.ro\/hu\/wp-json\/wp\/v2\/product"}],"about":[{"href":"https:\/\/szekelyfalat.ro\/hu\/wp-json\/wp\/v2\/types\/product"}],"wp:featuredmedia":[{"embeddable":true,"href":"https:\/\/szekelyfalat.ro\/hu\/wp-json\/wp\/v2\/media\/2185"}],"wp:attachment":[{"href":"https:\/\/szekelyfalat.ro\/hu\/wp-json\/wp\/v2\/media?parent=2184"}],"wp:term":[{"taxonomy":"gama","embeddable":true,"href":"https:\/\/szekelyfalat.ro\/hu\/wp-json\/wp\/v2\/gama?post=2184"}],"curies":[{"name":"wp","href":"https:\/\/api.w.org\/{rel}","templated":true}]}}