{"id":2177,"date":"2026-01-15T13:03:40","date_gmt":"2026-01-15T12:03:40","guid":{"rendered":"https:\/\/szekelyfalat.ro\/?post_type=product&#038;p=2177"},"modified":"2026-01-15T13:05:52","modified_gmt":"2026-01-15T12:05:52","slug":"mangalica-serteskaraj","status":"publish","type":"product","link":"https:\/\/szekelyfalat.ro\/hu\/product\/mangalica-serteskaraj\/","title":{"rendered":"FRISS MANGALICA SERT\u00c9SKARAJ"},"content":{"rendered":"\n<p>Csont n\u00e9lk\u00fcli mangalica sert\u00e9skaraj. 300 g.<\/p>\n","protected":false},"excerpt":{"rendered":"<p>Csont n\u00e9lk\u00fcli mangalica sert\u00e9skaraj. 300 g.<\/p>\n","protected":false},"featured_media":0,"template":"","meta":[],"gama":[40],"class_list":["post-2177","product","type-product","status-publish","hentry","gama-nyers-keszitmenyek","description-off"],"_links":{"self":[{"href":"https:\/\/szekelyfalat.ro\/hu\/wp-json\/wp\/v2\/product\/2177","targetHints":{"allow":["GET"]}}],"collection":[{"href":"https:\/\/szekelyfalat.ro\/hu\/wp-json\/wp\/v2\/product"}],"about":[{"href":"https:\/\/szekelyfalat.ro\/hu\/wp-json\/wp\/v2\/types\/product"}],"wp:attachment":[{"href":"https:\/\/szekelyfalat.ro\/hu\/wp-json\/wp\/v2\/media?parent=2177"}],"wp:term":[{"taxonomy":"gama","embeddable":true,"href":"https:\/\/szekelyfalat.ro\/hu\/wp-json\/wp\/v2\/gama?post=2177"}],"curies":[{"name":"wp","href":"https:\/\/api.w.org\/{rel}","templated":true}]}}