{"id":1199,"date":"2025-03-31T12:21:35","date_gmt":"2025-03-31T10:21:35","guid":{"rendered":"https:\/\/szekelyfalat.ro\/?post_type=product&#038;p=1199"},"modified":"2025-04-15T08:20:21","modified_gmt":"2025-04-15T06:20:21","slug":"pikans-meteres-szekely-cernakolbasz","status":"publish","type":"product","link":"https:\/\/szekelyfalat.ro\/hu\/product\/pikans-meteres-szekely-cernakolbasz\/","title":{"rendered":"PIK\u00c1NS M\u00c9TERES SZ\u00c9KELY C\u00c9RNAKOLB\u00c1SZ"},"content":{"rendered":"\n<p>80% sert\u00e9sh\u00fas, 15% sert\u00e9sszalonna, s\u00f3, cs\u00edp\u0151spaprika, term\u00e9szetes f\u0171szerek<\/p>\n","protected":false},"excerpt":{"rendered":"<p>80% sert\u00e9sh\u00fas, 15% sert\u00e9sszalonna, s\u00f3, cs\u00edp\u0151spaprika, term\u00e9szetes f\u0171szerek<\/p>\n","protected":false},"featured_media":1413,"template":"","meta":[],"gama":[34],"class_list":["post-1199","product","type-product","status-publish","has-post-thumbnail","hentry","gama-fustolt-kolbaszok","description-off"],"_links":{"self":[{"href":"https:\/\/szekelyfalat.ro\/hu\/wp-json\/wp\/v2\/product\/1199","targetHints":{"allow":["GET"]}}],"collection":[{"href":"https:\/\/szekelyfalat.ro\/hu\/wp-json\/wp\/v2\/product"}],"about":[{"href":"https:\/\/szekelyfalat.ro\/hu\/wp-json\/wp\/v2\/types\/product"}],"wp:featuredmedia":[{"embeddable":true,"href":"https:\/\/szekelyfalat.ro\/hu\/wp-json\/wp\/v2\/media\/1413"}],"wp:attachment":[{"href":"https:\/\/szekelyfalat.ro\/hu\/wp-json\/wp\/v2\/media?parent=1199"}],"wp:term":[{"taxonomy":"gama","embeddable":true,"href":"https:\/\/szekelyfalat.ro\/hu\/wp-json\/wp\/v2\/gama?post=1199"}],"curies":[{"name":"wp","href":"https:\/\/api.w.org\/{rel}","templated":true}]}}