{"id":1005,"date":"2025-03-06T15:28:21","date_gmt":"2025-03-06T14:28:21","guid":{"rendered":"https:\/\/szekelyfalat.ro\/?post_type=product&#038;p=1005"},"modified":"2025-03-06T15:28:22","modified_gmt":"2025-03-06T14:28:22","slug":"szekely-teperto","status":"publish","type":"product","link":"https:\/\/szekelyfalat.ro\/hu\/product\/szekely-teperto\/","title":{"rendered":"SZ\u00c9KELY TEPERT\u0150"},"content":{"rendered":"\n<p>99% sert\u00e9sszalonna, s\u00f3. Olvaszt\u00e1s \u00e9s s\u00fct\u00e9s sor\u00e1n el\u0151\u00e1ll\u00edtott term\u00e9k.<\/p>\n","protected":false},"excerpt":{"rendered":"<p>99% sert\u00e9sszalonna, s\u00f3. Olvaszt\u00e1s \u00e9s s\u00fct\u00e9s sor\u00e1n el\u0151\u00e1ll\u00edtott term\u00e9k.<\/p>\n","protected":false},"featured_media":1653,"template":"","meta":[],"gama":[49],"class_list":["post-1005","product","type-product","status-publish","has-post-thumbnail","hentry","gama-mas-termekek","description-off"],"_links":{"self":[{"href":"https:\/\/szekelyfalat.ro\/hu\/wp-json\/wp\/v2\/product\/1005","targetHints":{"allow":["GET"]}}],"collection":[{"href":"https:\/\/szekelyfalat.ro\/hu\/wp-json\/wp\/v2\/product"}],"about":[{"href":"https:\/\/szekelyfalat.ro\/hu\/wp-json\/wp\/v2\/types\/product"}],"wp:featuredmedia":[{"embeddable":true,"href":"https:\/\/szekelyfalat.ro\/hu\/wp-json\/wp\/v2\/media\/1653"}],"wp:attachment":[{"href":"https:\/\/szekelyfalat.ro\/hu\/wp-json\/wp\/v2\/media?parent=1005"}],"wp:term":[{"taxonomy":"gama","embeddable":true,"href":"https:\/\/szekelyfalat.ro\/hu\/wp-json\/wp\/v2\/gama?post=1005"}],"curies":[{"name":"wp","href":"https:\/\/api.w.org\/{rel}","templated":true}]}}