{"id":1001,"date":"2025-03-06T15:26:53","date_gmt":"2025-03-06T14:26:53","guid":{"rendered":"https:\/\/szekelyfalat.ro\/?post_type=product&#038;p=1001"},"modified":"2025-03-06T15:26:54","modified_gmt":"2025-03-06T14:26:54","slug":"sertesbor","status":"publish","type":"product","link":"https:\/\/szekelyfalat.ro\/hu\/product\/sertesbor\/","title":{"rendered":"SERT\u00c9SB\u0150R"},"content":{"rendered":"\n<p>98,1% sert\u00e9sb\u0151r, s\u00f3.<\/p>\n","protected":false},"excerpt":{"rendered":"<p>98,1% sert\u00e9sb\u0151r, s\u00f3.<\/p>\n","protected":false},"featured_media":1647,"template":"","meta":[],"gama":[48],"class_list":["post-1001","product","type-product","status-publish","has-post-thumbnail","hentry","gama-szeletelt-termekek","description-off"],"_links":{"self":[{"href":"https:\/\/szekelyfalat.ro\/hu\/wp-json\/wp\/v2\/product\/1001","targetHints":{"allow":["GET"]}}],"collection":[{"href":"https:\/\/szekelyfalat.ro\/hu\/wp-json\/wp\/v2\/product"}],"about":[{"href":"https:\/\/szekelyfalat.ro\/hu\/wp-json\/wp\/v2\/types\/product"}],"wp:featuredmedia":[{"embeddable":true,"href":"https:\/\/szekelyfalat.ro\/hu\/wp-json\/wp\/v2\/media\/1647"}],"wp:attachment":[{"href":"https:\/\/szekelyfalat.ro\/hu\/wp-json\/wp\/v2\/media?parent=1001"}],"wp:term":[{"taxonomy":"gama","embeddable":true,"href":"https:\/\/szekelyfalat.ro\/hu\/wp-json\/wp\/v2\/gama?post=1001"}],"curies":[{"name":"wp","href":"https:\/\/api.w.org\/{rel}","templated":true}]}}