{"id":1000,"date":"2025-03-06T15:26:32","date_gmt":"2025-03-06T14:26:32","guid":{"rendered":"https:\/\/szekelyfalat.ro\/?post_type=product&#038;p=1000"},"modified":"2025-03-06T15:26:33","modified_gmt":"2025-03-06T14:26:33","slug":"fustolt-turt-hus","status":"publish","type":"product","link":"https:\/\/szekelyfalat.ro\/hu\/product\/fustolt-turt-hus\/","title":{"rendered":"F\u00dcST\u00d6LT T\u0170RT H\u00daS"},"content":{"rendered":"\n<p>Sert\u00e9sh\u00fas, sert\u00e9s karaj, s\u00f3, term\u00e9szetes f\u0171szerek. F\u0151tt, f\u00fcst\u00f6lt term\u00e9k.<\/p>\n","protected":false},"excerpt":{"rendered":"<p>Sert\u00e9sh\u00fas, sert\u00e9s karaj, s\u00f3, term\u00e9szetes f\u0171szerek. F\u0151tt, f\u00fcst\u00f6lt term\u00e9k.<\/p>\n","protected":false},"featured_media":1669,"template":"","meta":[],"gama":[48],"class_list":["post-1000","product","type-product","status-publish","has-post-thumbnail","hentry","gama-szeletelt-termekek","description-off"],"_links":{"self":[{"href":"https:\/\/szekelyfalat.ro\/hu\/wp-json\/wp\/v2\/product\/1000","targetHints":{"allow":["GET"]}}],"collection":[{"href":"https:\/\/szekelyfalat.ro\/hu\/wp-json\/wp\/v2\/product"}],"about":[{"href":"https:\/\/szekelyfalat.ro\/hu\/wp-json\/wp\/v2\/types\/product"}],"wp:featuredmedia":[{"embeddable":true,"href":"https:\/\/szekelyfalat.ro\/hu\/wp-json\/wp\/v2\/media\/1669"}],"wp:attachment":[{"href":"https:\/\/szekelyfalat.ro\/hu\/wp-json\/wp\/v2\/media?parent=1000"}],"wp:term":[{"taxonomy":"gama","embeddable":true,"href":"https:\/\/szekelyfalat.ro\/hu\/wp-json\/wp\/v2\/gama?post=1000"}],"curies":[{"name":"wp","href":"https:\/\/api.w.org\/{rel}","templated":true}]}}